{"id":1227,"date":"2025-03-05T11:22:38","date_gmt":"2025-03-05T10:22:38","guid":{"rendered":"https:\/\/hosteriaelpomar.com\/?page_id=1227"},"modified":"2025-03-05T15:05:41","modified_gmt":"2025-03-05T14:05:41","slug":"restaurante-el-pomar","status":"publish","type":"page","link":"https:\/\/hosteriaelpomar.com\/en\/restaurante-el-pomar\/","title":{"rendered":"Restaurante el Pomar"},"content":{"rendered":"\t\t<div data-elementor-type=\"wp-page\" data-elementor-id=\"1227\" class=\"elementor elementor-1227\" data-elementor-post-type=\"page\">\n\t\t\t\t<div class=\"elementor-element elementor-element-f7c2c1b e-flex e-con-boxed e-con e-parent\" data-id=\"f7c2c1b\" data-element_type=\"container\" data-e-type=\"container\" data-settings=\"{&quot;background_background&quot;:&quot;classic&quot;}\">\n\t\t\t\t\t<div class=\"e-con-inner\">\n\t\t\t\t<div class=\"elementor-element elementor-element-6e91f5e elementor-widget elementor-widget-heading\" data-id=\"6e91f5e\" data-element_type=\"widget\" data-e-type=\"widget\" data-widget_type=\"heading.default\">\n\t\t\t\t<div class=\"elementor-widget-container\">\n\t\t\t\t\t<h1 class=\"elementor-heading-title elementor-size-default\">Restaurante el Pomar<\/h1>\t\t\t\t<\/div>\n\t\t\t\t<\/div>\n\t\t\t\t<div class=\"elementor-element elementor-element-08c39f2 elementor-widget elementor-widget-heading\" data-id=\"08c39f2\" data-element_type=\"widget\" data-e-type=\"widget\" data-widget_type=\"heading.default\">\n\t\t\t\t<div class=\"elementor-widget-container\">\n\t\t\t\t\t<h2 class=\"elementor-heading-title elementor-size-default\">sabor tradicional<\/h2>\t\t\t\t<\/div>\n\t\t\t\t<\/div>\n\t\t\t\t\t<\/div>\n\t\t\t\t<\/div>\n\t\t<div class=\"elementor-element elementor-element-13eaa7b e-flex e-con-boxed e-con e-parent\" data-id=\"13eaa7b\" data-element_type=\"container\" data-e-type=\"container\" data-settings=\"{&quot;background_background&quot;:&quot;classic&quot;}\">\n\t\t\t\t\t<div class=\"e-con-inner\">\n\t\t<div class=\"elementor-element elementor-element-2ec7ea4 e-con-full e-flex e-con e-child\" data-id=\"2ec7ea4\" data-element_type=\"container\" data-e-type=\"container\">\n\t\t\t\t<div class=\"elementor-element elementor-element-af61594 elementor-widget elementor-widget-heading\" data-id=\"af61594\" data-element_type=\"widget\" data-e-type=\"widget\" data-widget_type=\"heading.default\">\n\t\t\t\t<div class=\"elementor-widget-container\">\n\t\t\t\t\t<h2 class=\"elementor-heading-title elementor-size-default\">Disfruta de la cocina c\u00e1ntabra en Restaurante el Pomar<\/h2>\t\t\t\t<\/div>\n\t\t\t\t<\/div>\n\t\t\t\t<div class=\"elementor-element elementor-element-cf4bd2c elementor-widget elementor-widget-heading\" data-id=\"cf4bd2c\" data-element_type=\"widget\" data-e-type=\"widget\" data-widget_type=\"heading.default\">\n\t\t\t\t<div class=\"elementor-widget-container\">\n\t\t\t\t\t<h2 class=\"elementor-heading-title elementor-size-default\">Un viaje a trav\u00e9s de la historia, la cultura y el sabor de Cantabria.<\/h2>\t\t\t\t<\/div>\n\t\t\t\t<\/div>\n\t\t\t\t<div class=\"elementor-element elementor-element-a1e6524 elementor-widget__width-initial elementor-widget elementor-widget-text-editor\" data-id=\"a1e6524\" data-element_type=\"widget\" data-e-type=\"widget\" data-widget_type=\"text-editor.default\">\n\t\t\t\t<div class=\"elementor-widget-container\">\n\t\t\t\t\t\t\t\t\t<p data-start=\"946\" data-end=\"1366\">La <strong data-start=\"949\" data-end=\"959\">cocina<\/strong> del restaurante rinde homenaje a los sabores de Cantabria, con una carta basada en <strong data-start=\"1043\" data-end=\"1079\">productos locales y de temporada<\/strong>. Platos tradicionales se reinterpretan con creatividad, sin perder su esencia, ofreciendo desde carnes de la regi\u00f3n y pescados frescos del Cant\u00e1brico, hasta quesos artesanos, verduras de la huerta y postres caseros. Cada bocado es un reflejo de la riqueza gastron\u00f3mica de esta tierra.<\/p>\t\t\t\t\t\t\t\t<\/div>\n\t\t\t\t<\/div>\n\t\t\t\t<\/div>\n\t\t<div class=\"elementor-element elementor-element-48f4dee e-con-full e-flex e-con e-child\" data-id=\"48f4dee\" data-element_type=\"container\" data-e-type=\"container\" data-settings=\"{&quot;background_background&quot;:&quot;classic&quot;}\">\n\t\t\t\t<\/div>\n\t\t\t\t\t<\/div>\n\t\t\t\t<\/div>\n\t\t<div class=\"elementor-element elementor-element-c907ee6 e-flex e-con-boxed e-con e-parent\" data-id=\"c907ee6\" data-element_type=\"container\" data-e-type=\"container\">\n\t\t\t\t\t<div class=\"e-con-inner\">\n\t\t\t\t<div class=\"elementor-element elementor-element-621e911 elementor-widget elementor-widget-heading\" data-id=\"621e911\" data-element_type=\"widget\" data-e-type=\"widget\" data-widget_type=\"heading.default\">\n\t\t\t\t<div class=\"elementor-widget-container\">\n\t\t\t\t\t<h2 class=\"elementor-heading-title elementor-size-default\">Historia y la gastronom\u00eda se dan la mano para ofrecer una experiencia \u00fanica<\/h2>\t\t\t\t<\/div>\n\t\t\t\t<\/div>\n\t\t\t\t<div class=\"elementor-element elementor-element-d6953b2 elementor-widget__width-initial elementor-widget elementor-widget-text-editor\" data-id=\"d6953b2\" data-element_type=\"widget\" data-e-type=\"widget\" data-widget_type=\"text-editor.default\">\n\t\t\t\t<div class=\"elementor-widget-container\">\n\t\t\t\t\t\t\t\t\t<p>El <strong>restaurante de Hoster\u00eda el Pomar<\/strong> est\u00e1 dividido en <strong data-start=\"396\" data-end=\"414\">varios salones<\/strong>, cada uno con una personalidad propia, pero todos impregnados del car\u00e1cter aut\u00e9ntico de la casona. Algunos salones conservan las antiguas chimeneas de piedra, que en los meses fr\u00edos crean un ambiente c\u00e1lido y acogedor, mientras otros se abren a <strong data-start=\"660\" data-end=\"682\">amplios ventanales<\/strong> que dejan entrar la luz natural y ofrecen vistas al jard\u00edn y al paisaje c\u00e1ntabro. Cada rinc\u00f3n combina <strong data-start=\"785\" data-end=\"812\">elementos tradicionales<\/strong> como muebles de madera maciza, l\u00e1mparas de forja y suelos de piedra, con toques contempor\u00e1neos que aportan comodidad y elegancia.<\/p>\t\t\t\t\t\t\t\t<\/div>\n\t\t\t\t<\/div>\n\t\t<div class=\"elementor-element elementor-element-04fe3c0 e-con-full e-grid e-con e-child\" data-id=\"04fe3c0\" data-element_type=\"container\" data-e-type=\"container\">\n\t\t\t\t<div class=\"elementor-element elementor-element-2c29d76 elementor-cta--skin-cover elementor-cta--valign-bottom elementor-widget__width-initial elementor-animated-content elementor-bg-transform elementor-bg-transform-zoom-in elementor-widget elementor-widget-call-to-action\" data-id=\"2c29d76\" data-element_type=\"widget\" data-e-type=\"widget\" data-widget_type=\"call-to-action.default\">\n\t\t\t\t<div class=\"elementor-widget-container\">\n\t\t\t\t\t\t\t<div class=\"elementor-cta\">\n\t\t\t\t\t<div class=\"elementor-cta__bg-wrapper\">\n\t\t\t\t<div class=\"elementor-cta__bg elementor-bg\" style=\"background-image: url(https:\/\/hosteriaelpomar.com\/en\/wp-content\/uploads\/sites\/2\/Restaurante-de-Hosteria-el-Pomar-salon-eudoxia.webp);\" role=\"img\" aria-label=\"Restaurante de Hoster\u00eda el Pomar sal\u00f3n eudoxia\"><\/div>\n\t\t\t\t<div class=\"elementor-cta__bg-overlay\"><\/div>\n\t\t\t<\/div>\n\t\t\t\t\t\t\t<div class=\"elementor-cta__content\">\n\t\t\t\t\n\t\t\t\t\t\t\t\t\t<h2 class=\"elementor-cta__title elementor-cta__content-item elementor-content-item elementor-animated-item--grow\">\n\t\t\t\t\t\tSal\u00f3n Eudoxia\t\t\t\t\t<\/h2>\n\t\t\t\t\n\t\t\t\t\n\t\t\t\t\t\t\t<\/div>\n\t\t\t\t\t\t<\/div>\n\t\t\t\t\t\t<\/div>\n\t\t\t\t<\/div>\n\t\t\t\t<div class=\"elementor-element elementor-element-799e64a elementor-cta--skin-cover elementor-cta--valign-bottom elementor-widget__width-initial elementor-animated-content elementor-bg-transform elementor-bg-transform-zoom-in elementor-widget elementor-widget-call-to-action\" data-id=\"799e64a\" data-element_type=\"widget\" data-e-type=\"widget\" data-widget_type=\"call-to-action.default\">\n\t\t\t\t<div class=\"elementor-widget-container\">\n\t\t\t\t\t\t\t<div class=\"elementor-cta\">\n\t\t\t\t\t<div class=\"elementor-cta__bg-wrapper\">\n\t\t\t\t<div class=\"elementor-cta__bg elementor-bg\" style=\"background-image: url(https:\/\/hosteriaelpomar.com\/en\/wp-content\/uploads\/sites\/2\/Restaurante-de-Hosteria-el-Pomar-salon-Alfoz-de-Lloredo.webp);\" role=\"img\" aria-label=\"Restaurante de Hoster\u00eda el Pomar sal\u00f3n Alfoz de Lloredo\"><\/div>\n\t\t\t\t<div class=\"elementor-cta__bg-overlay\"><\/div>\n\t\t\t<\/div>\n\t\t\t\t\t\t\t<div class=\"elementor-cta__content\">\n\t\t\t\t\n\t\t\t\t\t\t\t\t\t<h2 class=\"elementor-cta__title elementor-cta__content-item elementor-content-item elementor-animated-item--grow\">\n\t\t\t\t\t\tSal\u00f3n Alfoz de Lloredo\t\t\t\t\t<\/h2>\n\t\t\t\t\n\t\t\t\t\n\t\t\t\t\t\t\t<\/div>\n\t\t\t\t\t\t<\/div>\n\t\t\t\t\t\t<\/div>\n\t\t\t\t<\/div>\n\t\t\t\t<div class=\"elementor-element elementor-element-70958a4 elementor-cta--skin-cover elementor-cta--valign-bottom elementor-widget__width-initial elementor-animated-content elementor-bg-transform elementor-bg-transform-zoom-in elementor-widget elementor-widget-call-to-action\" data-id=\"70958a4\" data-element_type=\"widget\" data-e-type=\"widget\" data-widget_type=\"call-to-action.default\">\n\t\t\t\t<div class=\"elementor-widget-container\">\n\t\t\t\t\t\t\t<div class=\"elementor-cta\">\n\t\t\t\t\t<div class=\"elementor-cta__bg-wrapper\">\n\t\t\t\t<div class=\"elementor-cta__bg elementor-bg\" style=\"background-image: url(https:\/\/hosteriaelpomar.com\/en\/wp-content\/uploads\/sites\/2\/Restaurante-de-Hosteria-el-Pomar-salon-Cantabria.webp);\" role=\"img\" aria-label=\"Restaurante de Hoster\u00eda el Pomar sal\u00f3n Cantabria\"><\/div>\n\t\t\t\t<div class=\"elementor-cta__bg-overlay\"><\/div>\n\t\t\t<\/div>\n\t\t\t\t\t\t\t<div class=\"elementor-cta__content\">\n\t\t\t\t\n\t\t\t\t\t\t\t\t\t<h2 class=\"elementor-cta__title elementor-cta__content-item elementor-content-item elementor-animated-item--grow\">\n\t\t\t\t\t\tSal\u00f3n Cantabria\t\t\t\t\t<\/h2>\n\t\t\t\t\n\t\t\t\t\n\t\t\t\t\t\t\t<\/div>\n\t\t\t\t\t\t<\/div>\n\t\t\t\t\t\t<\/div>\n\t\t\t\t<\/div>\n\t\t\t\t<div class=\"elementor-element elementor-element-7bca052 elementor-cta--skin-cover elementor-cta--valign-bottom elementor-widget__width-initial elementor-animated-content elementor-bg-transform elementor-bg-transform-zoom-in elementor-widget elementor-widget-call-to-action\" data-id=\"7bca052\" data-element_type=\"widget\" data-e-type=\"widget\" data-widget_type=\"call-to-action.default\">\n\t\t\t\t<div class=\"elementor-widget-container\">\n\t\t\t\t\t\t\t<div class=\"elementor-cta\">\n\t\t\t\t\t<div class=\"elementor-cta__bg-wrapper\">\n\t\t\t\t<div class=\"elementor-cta__bg elementor-bg\" style=\"background-image: url(https:\/\/hosteriaelpomar.com\/en\/wp-content\/uploads\/sites\/2\/Restaurante-de-Hosteria-el-Pomar-salon-limon-de-Novales.webp);\" role=\"img\" aria-label=\"Restaurante de Hoster\u00eda el Pomar sal\u00f3n lim\u00f3n de Novales\"><\/div>\n\t\t\t\t<div class=\"elementor-cta__bg-overlay\"><\/div>\n\t\t\t<\/div>\n\t\t\t\t\t\t\t<div class=\"elementor-cta__content\">\n\t\t\t\t\n\t\t\t\t\t\t\t\t\t<h2 class=\"elementor-cta__title elementor-cta__content-item elementor-content-item elementor-animated-item--grow\">\n\t\t\t\t\t\tSal\u00f3n lim\u00f3n de Novales\t\t\t\t\t<\/h2>\n\t\t\t\t\n\t\t\t\t\n\t\t\t\t\t\t\t<\/div>\n\t\t\t\t\t\t<\/div>\n\t\t\t\t\t\t<\/div>\n\t\t\t\t<\/div>\n\t\t\t\t<\/div>\n\t\t\t\t\t<\/div>\n\t\t\t\t<\/div>\n\t\t<div class=\"elementor-element elementor-element-696253e e-flex e-con-boxed e-con e-parent\" data-id=\"696253e\" data-element_type=\"container\" data-e-type=\"container\" data-settings=\"{&quot;background_background&quot;:&quot;classic&quot;}\">\n\t\t\t\t\t<div class=\"e-con-inner\">\n\t\t<div class=\"elementor-element elementor-element-629fc9d e-con-full e-flex e-con e-child\" data-id=\"629fc9d\" data-element_type=\"container\" data-e-type=\"container\" data-settings=\"{&quot;background_background&quot;:&quot;classic&quot;}\">\n\t\t\t\t<\/div>\n\t\t<div class=\"elementor-element elementor-element-94389b3 e-con-full e-flex e-con e-child\" data-id=\"94389b3\" data-element_type=\"container\" data-e-type=\"container\">\n\t\t\t\t<div class=\"elementor-element elementor-element-1db5897 elementor-widget elementor-widget-heading\" data-id=\"1db5897\" data-element_type=\"widget\" data-e-type=\"widget\" data-widget_type=\"heading.default\">\n\t\t\t\t<div class=\"elementor-widget-container\">\n\t\t\t\t\t<h2 class=\"elementor-heading-title elementor-size-default\">La cafeter\u00eda<\/h2>\t\t\t\t<\/div>\n\t\t\t\t<\/div>\n\t\t\t\t<div class=\"elementor-element elementor-element-0a7f753 elementor-widget__width-initial elementor-widget elementor-widget-text-editor\" data-id=\"0a7f753\" data-element_type=\"widget\" data-e-type=\"widget\" data-widget_type=\"text-editor.default\">\n\t\t\t\t<div class=\"elementor-widget-container\">\n\t\t\t\t\t\t\t\t\t<p data-start=\"946\" data-end=\"1366\"><strong>Hoster\u00eda el Pomar<\/strong> tambi\u00e9n alberga una <strong data-start=\"1412\" data-end=\"1425\">cafeter\u00eda<\/strong>, un espacio m\u00e1s informal pero igualmente acogedor, donde se puede disfrutar desde un desayuno casero hasta una copa tranquila al caer la tarde. La cafeter\u00eda se convierte en un punto de encuentro perfecto, donde hu\u00e9spedes y visitantes comparten momentos y experiencias en un entorno privilegiado.<\/p>\t\t\t\t\t\t\t\t<\/div>\n\t\t\t\t<\/div>\n\t\t\t\t<\/div>\n\t\t\t\t\t<\/div>\n\t\t\t\t<\/div>\n\t\t\t\t<\/div>\n\t\t","protected":false},"excerpt":{"rendered":"<p>sabor tradicional Disfruta de la cocina c\u00e1ntabra en Restaurante el Pomar Un viaje a trav\u00e9s de la historia, la cultura y el sabor de Cantabria. La cocina del restaurante rinde homenaje a los sabores de Cantabria, con una carta basada en productos locales y de temporada. Platos tradicionales se reinterpretan con creatividad, sin perder su [&hellip;]<\/p>\n","protected":false},"author":1,"featured_media":0,"parent":0,"menu_order":0,"comment_status":"closed","ping_status":"closed","template":"elementor_header_footer","meta":{"footnotes":""},"class_list":["post-1227","page","type-page","status-publish","hentry"],"yoast_head":"<!-- This site is optimized with the Yoast SEO plugin v27.4 - https:\/\/yoast.com\/product\/yoast-seo-wordpress\/ -->\n<title>Restaurante el Pomar - Hoster\u00eda el Pomar in Novales<\/title>\n<meta name=\"description\" content=\"Disfruta de la cocina c\u00e1ntabra en Restaurante el Pomar, un viaje a trav\u00e9s de la historia, la cultura y el sabor de Cantabria.\" \/>\n<meta name=\"robots\" content=\"index, follow, max-snippet:-1, max-image-preview:large, max-video-preview:-1\" \/>\n<link rel=\"canonical\" href=\"https:\/\/hosteriaelpomar.com\/en\/restaurante-el-pomar\/\" \/>\n<meta property=\"og:locale\" content=\"es_ES\" \/>\n<meta property=\"og:type\" content=\"article\" \/>\n<meta property=\"og:title\" content=\"Restaurante el Pomar - Hoster\u00eda el Pomar in Novales\" \/>\n<meta property=\"og:description\" content=\"Disfruta de la cocina c\u00e1ntabra en Restaurante el Pomar, un viaje a trav\u00e9s de la historia, la cultura y el sabor de Cantabria.\" \/>\n<meta property=\"og:url\" content=\"https:\/\/hosteriaelpomar.com\/en\/restaurante-el-pomar\/\" \/>\n<meta property=\"og:site_name\" content=\"Hoster\u00eda el Pomar in Novales\" \/>\n<meta property=\"article:modified_time\" content=\"2025-03-05T14:05:41+00:00\" \/>\n<meta name=\"twitter:card\" content=\"summary_large_image\" \/>\n<meta name=\"twitter:label1\" content=\"Tiempo de lectura\" \/>\n\t<meta name=\"twitter:data1\" content=\"2 minutos\" \/>\n<script type=\"application\/ld+json\" class=\"yoast-schema-graph\">{\"@context\":\"https:\\\/\\\/schema.org\",\"@graph\":[{\"@type\":\"WebPage\",\"@id\":\"https:\\\/\\\/hosteriaelpomar.com\\\/en\\\/restaurante-el-pomar\\\/\",\"url\":\"https:\\\/\\\/hosteriaelpomar.com\\\/en\\\/restaurante-el-pomar\\\/\",\"name\":\"Restaurante el Pomar - Hoster\u00eda el Pomar in Novales\",\"isPartOf\":{\"@id\":\"https:\\\/\\\/hosteriaelpomar.com\\\/en\\\/#website\"},\"datePublished\":\"2025-03-05T10:22:38+00:00\",\"dateModified\":\"2025-03-05T14:05:41+00:00\",\"description\":\"Disfruta de la cocina c\u00e1ntabra en Restaurante el Pomar, un viaje a trav\u00e9s de la historia, la cultura y el sabor de Cantabria.\",\"breadcrumb\":{\"@id\":\"https:\\\/\\\/hosteriaelpomar.com\\\/en\\\/restaurante-el-pomar\\\/#breadcrumb\"},\"inLanguage\":\"es\",\"potentialAction\":[{\"@type\":\"ReadAction\",\"target\":[\"https:\\\/\\\/hosteriaelpomar.com\\\/en\\\/restaurante-el-pomar\\\/\"]}]},{\"@type\":\"BreadcrumbList\",\"@id\":\"https:\\\/\\\/hosteriaelpomar.com\\\/en\\\/restaurante-el-pomar\\\/#breadcrumb\",\"itemListElement\":[{\"@type\":\"ListItem\",\"position\":1,\"name\":\"Portada\",\"item\":\"https:\\\/\\\/hosteriaelpomar.com\\\/en\\\/\"},{\"@type\":\"ListItem\",\"position\":2,\"name\":\"Restaurante el Pomar\"}]},{\"@type\":\"WebSite\",\"@id\":\"https:\\\/\\\/hosteriaelpomar.com\\\/en\\\/#website\",\"url\":\"https:\\\/\\\/hosteriaelpomar.com\\\/en\\\/\",\"name\":\"Hoster\u00eda el Pomar in Novales\",\"description\":\"Rural Tourism in Cantabria\",\"publisher\":{\"@id\":\"https:\\\/\\\/hosteriaelpomar.com\\\/en\\\/#organization\"},\"potentialAction\":[{\"@type\":\"SearchAction\",\"target\":{\"@type\":\"EntryPoint\",\"urlTemplate\":\"https:\\\/\\\/hosteriaelpomar.com\\\/en\\\/?s={search_term_string}\"},\"query-input\":{\"@type\":\"PropertyValueSpecification\",\"valueRequired\":true,\"valueName\":\"search_term_string\"}}],\"inLanguage\":\"es\"},{\"@type\":\"Organization\",\"@id\":\"https:\\\/\\\/hosteriaelpomar.com\\\/en\\\/#organization\",\"name\":\"Hoster\u00eda el Pomar in Novales\",\"url\":\"https:\\\/\\\/hosteriaelpomar.com\\\/en\\\/\",\"logo\":{\"@type\":\"ImageObject\",\"inLanguage\":\"es\",\"@id\":\"https:\\\/\\\/hosteriaelpomar.com\\\/en\\\/#\\\/schema\\\/logo\\\/image\\\/\",\"url\":\"https:\\\/\\\/hosteriaelpomar.com\\\/en\\\/wp-content\\\/uploads\\\/sites\\\/2\\\/Logo-pomar-blanco.webp\",\"contentUrl\":\"https:\\\/\\\/hosteriaelpomar.com\\\/en\\\/wp-content\\\/uploads\\\/sites\\\/2\\\/Logo-pomar-blanco.webp\",\"width\":400,\"height\":57,\"caption\":\"Hoster\u00eda el Pomar in Novales\"},\"image\":{\"@id\":\"https:\\\/\\\/hosteriaelpomar.com\\\/en\\\/#\\\/schema\\\/logo\\\/image\\\/\"}}]}<\/script>\n<!-- \/ Yoast SEO plugin. -->","yoast_head_json":{"title":"Restaurante el Pomar - Hoster\u00eda el Pomar in Novales","description":"Disfruta de la cocina c\u00e1ntabra en Restaurante el Pomar, un viaje a trav\u00e9s de la historia, la cultura y el sabor de Cantabria.","robots":{"index":"index","follow":"follow","max-snippet":"max-snippet:-1","max-image-preview":"max-image-preview:large","max-video-preview":"max-video-preview:-1"},"canonical":"https:\/\/hosteriaelpomar.com\/en\/restaurante-el-pomar\/","og_locale":"es_ES","og_type":"article","og_title":"Restaurante el Pomar - Hoster\u00eda el Pomar in Novales","og_description":"Disfruta de la cocina c\u00e1ntabra en Restaurante el Pomar, un viaje a trav\u00e9s de la historia, la cultura y el sabor de Cantabria.","og_url":"https:\/\/hosteriaelpomar.com\/en\/restaurante-el-pomar\/","og_site_name":"Hoster\u00eda el Pomar in Novales","article_modified_time":"2025-03-05T14:05:41+00:00","twitter_card":"summary_large_image","twitter_misc":{"Tiempo de lectura":"2 minutos"},"schema":{"@context":"https:\/\/schema.org","@graph":[{"@type":"WebPage","@id":"https:\/\/hosteriaelpomar.com\/en\/restaurante-el-pomar\/","url":"https:\/\/hosteriaelpomar.com\/en\/restaurante-el-pomar\/","name":"Restaurante el Pomar - Hoster\u00eda el Pomar in Novales","isPartOf":{"@id":"https:\/\/hosteriaelpomar.com\/en\/#website"},"datePublished":"2025-03-05T10:22:38+00:00","dateModified":"2025-03-05T14:05:41+00:00","description":"Disfruta de la cocina c\u00e1ntabra en Restaurante el Pomar, un viaje a trav\u00e9s de la historia, la cultura y el sabor de Cantabria.","breadcrumb":{"@id":"https:\/\/hosteriaelpomar.com\/en\/restaurante-el-pomar\/#breadcrumb"},"inLanguage":"es","potentialAction":[{"@type":"ReadAction","target":["https:\/\/hosteriaelpomar.com\/en\/restaurante-el-pomar\/"]}]},{"@type":"BreadcrumbList","@id":"https:\/\/hosteriaelpomar.com\/en\/restaurante-el-pomar\/#breadcrumb","itemListElement":[{"@type":"ListItem","position":1,"name":"Portada","item":"https:\/\/hosteriaelpomar.com\/en\/"},{"@type":"ListItem","position":2,"name":"Restaurante el Pomar"}]},{"@type":"WebSite","@id":"https:\/\/hosteriaelpomar.com\/en\/#website","url":"https:\/\/hosteriaelpomar.com\/en\/","name":"Hoster\u00eda el Pomar in Novales","description":"Rural Tourism in Cantabria","publisher":{"@id":"https:\/\/hosteriaelpomar.com\/en\/#organization"},"potentialAction":[{"@type":"SearchAction","target":{"@type":"EntryPoint","urlTemplate":"https:\/\/hosteriaelpomar.com\/en\/?s={search_term_string}"},"query-input":{"@type":"PropertyValueSpecification","valueRequired":true,"valueName":"search_term_string"}}],"inLanguage":"es"},{"@type":"Organization","@id":"https:\/\/hosteriaelpomar.com\/en\/#organization","name":"Hoster\u00eda el Pomar in Novales","url":"https:\/\/hosteriaelpomar.com\/en\/","logo":{"@type":"ImageObject","inLanguage":"es","@id":"https:\/\/hosteriaelpomar.com\/en\/#\/schema\/logo\/image\/","url":"https:\/\/hosteriaelpomar.com\/en\/wp-content\/uploads\/sites\/2\/Logo-pomar-blanco.webp","contentUrl":"https:\/\/hosteriaelpomar.com\/en\/wp-content\/uploads\/sites\/2\/Logo-pomar-blanco.webp","width":400,"height":57,"caption":"Hoster\u00eda el Pomar in Novales"},"image":{"@id":"https:\/\/hosteriaelpomar.com\/en\/#\/schema\/logo\/image\/"}}]}},"_links":{"self":[{"href":"https:\/\/hosteriaelpomar.com\/en\/wp-json\/wp\/v2\/pages\/1227","targetHints":{"allow":["GET"]}}],"collection":[{"href":"https:\/\/hosteriaelpomar.com\/en\/wp-json\/wp\/v2\/pages"}],"about":[{"href":"https:\/\/hosteriaelpomar.com\/en\/wp-json\/wp\/v2\/types\/page"}],"author":[{"embeddable":true,"href":"https:\/\/hosteriaelpomar.com\/en\/wp-json\/wp\/v2\/users\/1"}],"replies":[{"embeddable":true,"href":"https:\/\/hosteriaelpomar.com\/en\/wp-json\/wp\/v2\/comments?post=1227"}],"version-history":[{"count":37,"href":"https:\/\/hosteriaelpomar.com\/en\/wp-json\/wp\/v2\/pages\/1227\/revisions"}],"predecessor-version":[{"id":1341,"href":"https:\/\/hosteriaelpomar.com\/en\/wp-json\/wp\/v2\/pages\/1227\/revisions\/1341"}],"wp:attachment":[{"href":"https:\/\/hosteriaelpomar.com\/en\/wp-json\/wp\/v2\/media?parent=1227"}],"curies":[{"name":"wp","href":"https:\/\/api.w.org\/{rel}","templated":true}]}}