{"id":1178,"date":"2025-03-05T10:48:11","date_gmt":"2025-03-05T09:48:11","guid":{"rendered":"https:\/\/hosteriaelpomar.com\/?page_id=1178"},"modified":"2025-03-05T15:19:31","modified_gmt":"2025-03-05T14:19:31","slug":"experiencias-en-cantabria","status":"publish","type":"page","link":"https:\/\/hosteriaelpomar.com\/en\/experiencias-en-cantabria\/","title":{"rendered":"Experiencias en Cantabria"},"content":{"rendered":"\t\t<div data-elementor-type=\"wp-page\" data-elementor-id=\"1178\" class=\"elementor elementor-1178\" data-elementor-post-type=\"page\">\n\t\t\t\t<div class=\"elementor-element elementor-element-f7c2c1b e-flex e-con-boxed e-con e-parent\" data-id=\"f7c2c1b\" data-element_type=\"container\" data-e-type=\"container\" data-settings=\"{&quot;background_background&quot;:&quot;classic&quot;}\">\n\t\t\t\t\t<div class=\"e-con-inner\">\n\t\t\t\t<div class=\"elementor-element elementor-element-6e91f5e elementor-widget elementor-widget-heading\" data-id=\"6e91f5e\" data-element_type=\"widget\" data-e-type=\"widget\" data-widget_type=\"heading.default\">\n\t\t\t\t<div class=\"elementor-widget-container\">\n\t\t\t\t\t<h1 class=\"elementor-heading-title elementor-size-default\">Experiencias en Cantabria<\/h1>\t\t\t\t<\/div>\n\t\t\t\t<\/div>\n\t\t\t\t<div class=\"elementor-element elementor-element-08c39f2 elementor-widget elementor-widget-heading\" data-id=\"08c39f2\" data-element_type=\"widget\" data-e-type=\"widget\" data-widget_type=\"heading.default\">\n\t\t\t\t<div class=\"elementor-widget-container\">\n\t\t\t\t\t<h2 class=\"elementor-heading-title elementor-size-default\">en el coraz\u00f3n de Cantabria<\/h2>\t\t\t\t<\/div>\n\t\t\t\t<\/div>\n\t\t\t\t\t<\/div>\n\t\t\t\t<\/div>\n\t\t<div class=\"elementor-element elementor-element-13eaa7b e-flex e-con-boxed e-con e-parent\" data-id=\"13eaa7b\" data-element_type=\"container\" data-e-type=\"container\" data-settings=\"{&quot;background_background&quot;:&quot;classic&quot;}\">\n\t\t\t\t\t<div class=\"e-con-inner\">\n\t\t\t\t<div class=\"elementor-element elementor-element-af61594 elementor-widget elementor-widget-heading\" data-id=\"af61594\" data-element_type=\"widget\" data-e-type=\"widget\" data-widget_type=\"heading.default\">\n\t\t\t\t<div class=\"elementor-widget-container\">\n\t\t\t\t\t<h2 class=\"elementor-heading-title elementor-size-default\">Experiencias inolvidables en Cantabria<\/h2>\t\t\t\t<\/div>\n\t\t\t\t<\/div>\n\t\t\t\t<div class=\"elementor-element elementor-element-cf4bd2c elementor-widget elementor-widget-heading\" data-id=\"cf4bd2c\" data-element_type=\"widget\" data-e-type=\"widget\" data-widget_type=\"heading.default\">\n\t\t\t\t<div class=\"elementor-widget-container\">\n\t\t\t\t\t<h2 class=\"elementor-heading-title elementor-size-default\">Naturaleza, aventura y emoci\u00f3n<\/h2>\t\t\t\t<\/div>\n\t\t\t\t<\/div>\n\t\t\t\t<div class=\"elementor-element elementor-element-a1e6524 elementor-widget__width-initial elementor-widget elementor-widget-text-editor\" data-id=\"a1e6524\" data-element_type=\"widget\" data-e-type=\"widget\" data-widget_type=\"text-editor.default\">\n\t\t\t\t<div class=\"elementor-widget-container\">\n\t\t\t\t\t\t\t\t\t<p data-start=\"85\" data-end=\"463\">Cantabria es un aut\u00e9ntico para\u00edso para los amantes de la naturaleza y el turismo activo. Su diversidad paisaj\u00edstica, que combina monta\u00f1as, r\u00edos, bosques y costa, convierte a esta tierra en el escenario perfecto para vivir <strong data-start=\"385\" data-end=\"415\">experiencias al aire libre<\/strong> llenas de emoci\u00f3n y belleza.<\/p><p data-start=\"85\" data-end=\"463\">En Cantabria, cada d\u00eda es una invitaci\u00f3n a <strong data-start=\"1832\" data-end=\"1851\">vivir aventuras<\/strong>, explorar paisajes de ensue\u00f1o y conectar con la naturaleza en su estado m\u00e1s puro. Desde el mar hasta la alta monta\u00f1a, esta tierra te espera con un abanico de experiencias que quedar\u00e1n grabadas en tu memoria.<\/p>\t\t\t\t\t\t\t\t<\/div>\n\t\t\t\t<\/div>\n\t\t\t\t\t<\/div>\n\t\t\t\t<\/div>\n\t\t<div class=\"elementor-element elementor-element-a63f575 e-con-full e-grid e-con e-child\" data-id=\"a63f575\" data-element_type=\"container\" data-e-type=\"container\">\n\t\t\t\t<div class=\"elementor-element elementor-element-c8c7b0e elementor-flip-box--effect-flip elementor-flip-box--direction-up elementor-widget elementor-widget-flip-box\" data-id=\"c8c7b0e\" data-element_type=\"widget\" data-e-type=\"widget\" data-widget_type=\"flip-box.default\">\n\t\t\t\t<div class=\"elementor-widget-container\">\n\t\t\t\t\t\t\t<div class=\"elementor-flip-box\" tabindex=\"0\">\n\t\t\t<div class=\"elementor-flip-box__layer elementor-flip-box__front\">\n\t\t\t\t<div class=\"elementor-flip-box__layer__overlay\">\n\t\t\t\t\t<div class=\"elementor-flip-box__layer__inner\">\n\t\t\t\t\t\t\n\t\t\t\t\t\t\n\t\t\t\t\t\t\t\t\t\t\t<\/div>\n\t\t\t\t<\/div>\n\t\t\t<\/div>\n\t\t\t<div class=\"elementor-flip-box__layer elementor-flip-box__back\">\n\t\t\t<div class=\"elementor-flip-box__layer__overlay\">\n\t\t\t\t<div class=\"elementor-flip-box__layer__inner\">\n\t\t\t\t\t\t\t\t\t\t\t<h3 class=\"elementor-flip-box__layer__title\">\n\t\t\t\t\t\t\tCicloturismo\t\t\t\t\t\t<\/h3>\n\t\t\t\t\t\n\t\t\t\t\t\t\t\t\t\t\t<div class=\"elementor-flip-box__layer__description\">\n\t\t\t\t\t\t\tPara quienes disfrutan recorriendo caminos sobre dos ruedas, el cicloturismo en Cantabria ofrece rutas espectaculares. Desde tranquilos paseos junto al mar hasta desafiantes ascensos por los valles y puertos de monta\u00f1a.\t\t\t\t\t\t<\/div>\n\t\t\t\t\t\n\t\t\t\t\t\t\t\t<\/div>\n\t\t<\/div>\n\t\t<\/div>\n\t\t<\/div>\n\t\t\t\t\t\t<\/div>\n\t\t\t\t<\/div>\n\t\t\t\t<div class=\"elementor-element elementor-element-39c9f11 elementor-flip-box--effect-flip elementor-flip-box--direction-up elementor-widget elementor-widget-flip-box\" data-id=\"39c9f11\" data-element_type=\"widget\" data-e-type=\"widget\" data-widget_type=\"flip-box.default\">\n\t\t\t\t<div class=\"elementor-widget-container\">\n\t\t\t\t\t\t\t<div class=\"elementor-flip-box\" tabindex=\"0\">\n\t\t\t<div class=\"elementor-flip-box__layer elementor-flip-box__front\">\n\t\t\t\t<div class=\"elementor-flip-box__layer__overlay\">\n\t\t\t\t\t<div class=\"elementor-flip-box__layer__inner\">\n\t\t\t\t\t\t\n\t\t\t\t\t\t\n\t\t\t\t\t\t\t\t\t\t\t<\/div>\n\t\t\t\t<\/div>\n\t\t\t<\/div>\n\t\t\t<div class=\"elementor-flip-box__layer elementor-flip-box__back\">\n\t\t\t<div class=\"elementor-flip-box__layer__overlay\">\n\t\t\t\t<div class=\"elementor-flip-box__layer__inner\">\n\t\t\t\t\t\t\t\t\t\t\t<h3 class=\"elementor-flip-box__layer__title\">\n\t\t\t\t\t\t\tCanoas\t\t\t\t\t\t<\/h3>\n\t\t\t\t\t\n\t\t\t\t\t\t\t\t\t\t\t<div class=\"elementor-flip-box__layer__description\">\n\t\t\t\t\t\t\tY si el agua es lo tuyo, las rutas en canoa te permitir\u00e1n descubrir Cantabria desde una perspectiva diferente, navegando por r\u00edos como el Deva o el As\u00f3n, entre bosques ribere\u00f1os y monta\u00f1as que se reflejan en el agua.\t\t\t\t\t\t<\/div>\n\t\t\t\t\t\n\t\t\t\t\t\t\t\t<\/div>\n\t\t<\/div>\n\t\t<\/div>\n\t\t<\/div>\n\t\t\t\t\t\t<\/div>\n\t\t\t\t<\/div>\n\t\t\t\t<div class=\"elementor-element elementor-element-f280fcf elementor-flip-box--effect-flip elementor-flip-box--direction-up elementor-widget elementor-widget-flip-box\" data-id=\"f280fcf\" data-element_type=\"widget\" data-e-type=\"widget\" data-widget_type=\"flip-box.default\">\n\t\t\t\t<div class=\"elementor-widget-container\">\n\t\t\t\t\t\t\t<div class=\"elementor-flip-box\" tabindex=\"0\">\n\t\t\t<div class=\"elementor-flip-box__layer elementor-flip-box__front\">\n\t\t\t\t<div class=\"elementor-flip-box__layer__overlay\">\n\t\t\t\t\t<div class=\"elementor-flip-box__layer__inner\">\n\t\t\t\t\t\t\n\t\t\t\t\t\t\n\t\t\t\t\t\t\t\t\t\t\t<\/div>\n\t\t\t\t<\/div>\n\t\t\t<\/div>\n\t\t\t<div class=\"elementor-flip-box__layer elementor-flip-box__back\">\n\t\t\t<div class=\"elementor-flip-box__layer__overlay\">\n\t\t\t\t<div class=\"elementor-flip-box__layer__inner\">\n\t\t\t\t\t\t\t\t\t\t\t<h3 class=\"elementor-flip-box__layer__title\">\n\t\t\t\t\t\t\tSenderismo\t\t\t\t\t\t<\/h3>\n\t\t\t\t\t\n\t\t\t\t\t\t\t\t\t\t\t<div class=\"elementor-flip-box__layer__description\">\n\t\t\t\t\t\t\tEn Cantabria se encuentra una red infinita de rutas de senderismo que atraviesan parques naturales, bosques frondosos, acantilados y praderas de monta\u00f1a. Caminos como los que recorren los Picos de Europa, el Parque Natural de Oyambre o la Senda Costera invitan a sumergirse en una naturaleza que deslumbra por su autenticidad.\t\t\t\t\t\t<\/div>\n\t\t\t\t\t\n\t\t\t\t\t\t\t\t<\/div>\n\t\t<\/div>\n\t\t<\/div>\n\t\t<\/div>\n\t\t\t\t\t\t<\/div>\n\t\t\t\t<\/div>\n\t\t\t\t<div class=\"elementor-element elementor-element-4fabed4 elementor-flip-box--effect-flip elementor-flip-box--direction-up elementor-widget elementor-widget-flip-box\" data-id=\"4fabed4\" data-element_type=\"widget\" data-e-type=\"widget\" data-widget_type=\"flip-box.default\">\n\t\t\t\t<div class=\"elementor-widget-container\">\n\t\t\t\t\t\t\t<div class=\"elementor-flip-box\" tabindex=\"0\">\n\t\t\t<div class=\"elementor-flip-box__layer elementor-flip-box__front\">\n\t\t\t\t<div class=\"elementor-flip-box__layer__overlay\">\n\t\t\t\t\t<div class=\"elementor-flip-box__layer__inner\">\n\t\t\t\t\t\t\n\t\t\t\t\t\t\n\t\t\t\t\t\t\t\t\t\t\t<\/div>\n\t\t\t\t<\/div>\n\t\t\t<\/div>\n\t\t\t<div class=\"elementor-flip-box__layer elementor-flip-box__back\">\n\t\t\t<div class=\"elementor-flip-box__layer__overlay\">\n\t\t\t\t<div class=\"elementor-flip-box__layer__inner\">\n\t\t\t\t\t\t\t\t\t\t\t<h3 class=\"elementor-flip-box__layer__title\">\n\t\t\t\t\t\t\tBarrancos y espeleolog\u00eda\t\t\t\t\t\t<\/h3>\n\t\t\t\t\t\n\t\t\t\t\t\t\t\t\t\t\t<div class=\"elementor-flip-box__layer__description\">\n\t\t\t\t\t\t\tPara los m\u00e1s aventureros,  el descenso por ca\u00f1ones y gargantas permite combinar saltos, r\u00e1peles y toboganes naturales, todo ello rodeado de entornos espectaculares. La emoci\u00f3n contin\u00faa bajo tierra, con la pr\u00e1ctica de espeleolog\u00eda, explorando las impresionantes cuevas c\u00e1ntabras, verdaderas joyas geol\u00f3gicas que esconden salas inmensas, formaciones \u00fanicas y hasta pinturas prehist\u00f3ricas.\t\t\t\t\t\t<\/div>\n\t\t\t\t\t\n\t\t\t\t\t\t\t\t<\/div>\n\t\t<\/div>\n\t\t<\/div>\n\t\t<\/div>\n\t\t\t\t\t\t<\/div>\n\t\t\t\t<\/div>\n\t\t\t\t<\/div>\n\t\t\t\t<\/div>\n\t\t","protected":false},"excerpt":{"rendered":"<p>en el coraz\u00f3n de Cantabria Experiencias inolvidables en Cantabria Naturaleza, aventura y emoci\u00f3n Cantabria es un aut\u00e9ntico para\u00edso para los amantes de la naturaleza y el turismo activo. Su diversidad paisaj\u00edstica, que combina monta\u00f1as, r\u00edos, bosques y costa, convierte a esta tierra en el escenario perfecto para vivir experiencias al aire libre llenas de emoci\u00f3n [&hellip;]<\/p>\n","protected":false},"author":1,"featured_media":0,"parent":0,"menu_order":0,"comment_status":"closed","ping_status":"closed","template":"elementor_header_footer","meta":{"footnotes":""},"class_list":["post-1178","page","type-page","status-publish","hentry"],"yoast_head":"<!-- This site is optimized with the Yoast SEO plugin v27.4 - https:\/\/yoast.com\/product\/yoast-seo-wordpress\/ -->\n<title>Experiencias en Cantabria - Hoster\u00eda el Pomar in Novales<\/title>\n<meta name=\"description\" content=\"Experiencias inolvidables en Cantabria. Su paisaje, que combina monta\u00f1as, r\u00edos, bosques y costa, la convierten en el escenario perfecto.\" \/>\n<meta name=\"robots\" content=\"index, follow, max-snippet:-1, max-image-preview:large, max-video-preview:-1\" \/>\n<link rel=\"canonical\" href=\"https:\/\/hosteriaelpomar.com\/en\/experiencias-en-cantabria\/\" \/>\n<meta property=\"og:locale\" content=\"es_ES\" \/>\n<meta property=\"og:type\" content=\"article\" \/>\n<meta property=\"og:title\" content=\"Experiencias en Cantabria - Hoster\u00eda el Pomar in Novales\" \/>\n<meta property=\"og:description\" content=\"Experiencias inolvidables en Cantabria. Su paisaje, que combina monta\u00f1as, r\u00edos, bosques y costa, la convierten en el escenario perfecto.\" \/>\n<meta property=\"og:url\" content=\"https:\/\/hosteriaelpomar.com\/en\/experiencias-en-cantabria\/\" \/>\n<meta property=\"og:site_name\" content=\"Hoster\u00eda el Pomar in Novales\" \/>\n<meta property=\"article:modified_time\" content=\"2025-03-05T14:19:31+00:00\" \/>\n<meta name=\"twitter:card\" content=\"summary_large_image\" \/>\n<meta name=\"twitter:label1\" content=\"Tiempo de lectura\" \/>\n\t<meta name=\"twitter:data1\" content=\"2 minutos\" \/>\n<script type=\"application\/ld+json\" class=\"yoast-schema-graph\">{\"@context\":\"https:\\\/\\\/schema.org\",\"@graph\":[{\"@type\":\"WebPage\",\"@id\":\"https:\\\/\\\/hosteriaelpomar.com\\\/en\\\/experiencias-en-cantabria\\\/\",\"url\":\"https:\\\/\\\/hosteriaelpomar.com\\\/en\\\/experiencias-en-cantabria\\\/\",\"name\":\"Experiencias en Cantabria - Hoster\u00eda el Pomar in Novales\",\"isPartOf\":{\"@id\":\"https:\\\/\\\/hosteriaelpomar.com\\\/en\\\/#website\"},\"datePublished\":\"2025-03-05T09:48:11+00:00\",\"dateModified\":\"2025-03-05T14:19:31+00:00\",\"description\":\"Experiencias inolvidables en Cantabria. Su paisaje, que combina monta\u00f1as, r\u00edos, bosques y costa, la convierten en el escenario perfecto.\",\"breadcrumb\":{\"@id\":\"https:\\\/\\\/hosteriaelpomar.com\\\/en\\\/experiencias-en-cantabria\\\/#breadcrumb\"},\"inLanguage\":\"es\",\"potentialAction\":[{\"@type\":\"ReadAction\",\"target\":[\"https:\\\/\\\/hosteriaelpomar.com\\\/en\\\/experiencias-en-cantabria\\\/\"]}]},{\"@type\":\"BreadcrumbList\",\"@id\":\"https:\\\/\\\/hosteriaelpomar.com\\\/en\\\/experiencias-en-cantabria\\\/#breadcrumb\",\"itemListElement\":[{\"@type\":\"ListItem\",\"position\":1,\"name\":\"Portada\",\"item\":\"https:\\\/\\\/hosteriaelpomar.com\\\/en\\\/\"},{\"@type\":\"ListItem\",\"position\":2,\"name\":\"Experiencias en Cantabria\"}]},{\"@type\":\"WebSite\",\"@id\":\"https:\\\/\\\/hosteriaelpomar.com\\\/en\\\/#website\",\"url\":\"https:\\\/\\\/hosteriaelpomar.com\\\/en\\\/\",\"name\":\"Hoster\u00eda el Pomar in Novales\",\"description\":\"Rural Tourism in Cantabria\",\"publisher\":{\"@id\":\"https:\\\/\\\/hosteriaelpomar.com\\\/en\\\/#organization\"},\"potentialAction\":[{\"@type\":\"SearchAction\",\"target\":{\"@type\":\"EntryPoint\",\"urlTemplate\":\"https:\\\/\\\/hosteriaelpomar.com\\\/en\\\/?s={search_term_string}\"},\"query-input\":{\"@type\":\"PropertyValueSpecification\",\"valueRequired\":true,\"valueName\":\"search_term_string\"}}],\"inLanguage\":\"es\"},{\"@type\":\"Organization\",\"@id\":\"https:\\\/\\\/hosteriaelpomar.com\\\/en\\\/#organization\",\"name\":\"Hoster\u00eda el Pomar in Novales\",\"url\":\"https:\\\/\\\/hosteriaelpomar.com\\\/en\\\/\",\"logo\":{\"@type\":\"ImageObject\",\"inLanguage\":\"es\",\"@id\":\"https:\\\/\\\/hosteriaelpomar.com\\\/en\\\/#\\\/schema\\\/logo\\\/image\\\/\",\"url\":\"https:\\\/\\\/hosteriaelpomar.com\\\/en\\\/wp-content\\\/uploads\\\/sites\\\/2\\\/Logo-pomar-blanco.webp\",\"contentUrl\":\"https:\\\/\\\/hosteriaelpomar.com\\\/en\\\/wp-content\\\/uploads\\\/sites\\\/2\\\/Logo-pomar-blanco.webp\",\"width\":400,\"height\":57,\"caption\":\"Hoster\u00eda el Pomar in Novales\"},\"image\":{\"@id\":\"https:\\\/\\\/hosteriaelpomar.com\\\/en\\\/#\\\/schema\\\/logo\\\/image\\\/\"}}]}<\/script>\n<!-- \/ Yoast SEO plugin. -->","yoast_head_json":{"title":"Experiencias en Cantabria - Hoster\u00eda el Pomar in Novales","description":"Experiencias inolvidables en Cantabria. Su paisaje, que combina monta\u00f1as, r\u00edos, bosques y costa, la convierten en el escenario perfecto.","robots":{"index":"index","follow":"follow","max-snippet":"max-snippet:-1","max-image-preview":"max-image-preview:large","max-video-preview":"max-video-preview:-1"},"canonical":"https:\/\/hosteriaelpomar.com\/en\/experiencias-en-cantabria\/","og_locale":"es_ES","og_type":"article","og_title":"Experiencias en Cantabria - Hoster\u00eda el Pomar in Novales","og_description":"Experiencias inolvidables en Cantabria. Su paisaje, que combina monta\u00f1as, r\u00edos, bosques y costa, la convierten en el escenario perfecto.","og_url":"https:\/\/hosteriaelpomar.com\/en\/experiencias-en-cantabria\/","og_site_name":"Hoster\u00eda el Pomar in Novales","article_modified_time":"2025-03-05T14:19:31+00:00","twitter_card":"summary_large_image","twitter_misc":{"Tiempo de lectura":"2 minutos"},"schema":{"@context":"https:\/\/schema.org","@graph":[{"@type":"WebPage","@id":"https:\/\/hosteriaelpomar.com\/en\/experiencias-en-cantabria\/","url":"https:\/\/hosteriaelpomar.com\/en\/experiencias-en-cantabria\/","name":"Experiencias en Cantabria - Hoster\u00eda el Pomar in Novales","isPartOf":{"@id":"https:\/\/hosteriaelpomar.com\/en\/#website"},"datePublished":"2025-03-05T09:48:11+00:00","dateModified":"2025-03-05T14:19:31+00:00","description":"Experiencias inolvidables en Cantabria. Su paisaje, que combina monta\u00f1as, r\u00edos, bosques y costa, la convierten en el escenario perfecto.","breadcrumb":{"@id":"https:\/\/hosteriaelpomar.com\/en\/experiencias-en-cantabria\/#breadcrumb"},"inLanguage":"es","potentialAction":[{"@type":"ReadAction","target":["https:\/\/hosteriaelpomar.com\/en\/experiencias-en-cantabria\/"]}]},{"@type":"BreadcrumbList","@id":"https:\/\/hosteriaelpomar.com\/en\/experiencias-en-cantabria\/#breadcrumb","itemListElement":[{"@type":"ListItem","position":1,"name":"Portada","item":"https:\/\/hosteriaelpomar.com\/en\/"},{"@type":"ListItem","position":2,"name":"Experiencias en Cantabria"}]},{"@type":"WebSite","@id":"https:\/\/hosteriaelpomar.com\/en\/#website","url":"https:\/\/hosteriaelpomar.com\/en\/","name":"Hoster\u00eda el Pomar in Novales","description":"Rural Tourism in Cantabria","publisher":{"@id":"https:\/\/hosteriaelpomar.com\/en\/#organization"},"potentialAction":[{"@type":"SearchAction","target":{"@type":"EntryPoint","urlTemplate":"https:\/\/hosteriaelpomar.com\/en\/?s={search_term_string}"},"query-input":{"@type":"PropertyValueSpecification","valueRequired":true,"valueName":"search_term_string"}}],"inLanguage":"es"},{"@type":"Organization","@id":"https:\/\/hosteriaelpomar.com\/en\/#organization","name":"Hoster\u00eda el Pomar in Novales","url":"https:\/\/hosteriaelpomar.com\/en\/","logo":{"@type":"ImageObject","inLanguage":"es","@id":"https:\/\/hosteriaelpomar.com\/en\/#\/schema\/logo\/image\/","url":"https:\/\/hosteriaelpomar.com\/en\/wp-content\/uploads\/sites\/2\/Logo-pomar-blanco.webp","contentUrl":"https:\/\/hosteriaelpomar.com\/en\/wp-content\/uploads\/sites\/2\/Logo-pomar-blanco.webp","width":400,"height":57,"caption":"Hoster\u00eda el Pomar in Novales"},"image":{"@id":"https:\/\/hosteriaelpomar.com\/en\/#\/schema\/logo\/image\/"}}]}},"_links":{"self":[{"href":"https:\/\/hosteriaelpomar.com\/en\/wp-json\/wp\/v2\/pages\/1178","targetHints":{"allow":["GET"]}}],"collection":[{"href":"https:\/\/hosteriaelpomar.com\/en\/wp-json\/wp\/v2\/pages"}],"about":[{"href":"https:\/\/hosteriaelpomar.com\/en\/wp-json\/wp\/v2\/types\/page"}],"author":[{"embeddable":true,"href":"https:\/\/hosteriaelpomar.com\/en\/wp-json\/wp\/v2\/users\/1"}],"replies":[{"embeddable":true,"href":"https:\/\/hosteriaelpomar.com\/en\/wp-json\/wp\/v2\/comments?post=1178"}],"version-history":[{"count":40,"href":"https:\/\/hosteriaelpomar.com\/en\/wp-json\/wp\/v2\/pages\/1178\/revisions"}],"predecessor-version":[{"id":1349,"href":"https:\/\/hosteriaelpomar.com\/en\/wp-json\/wp\/v2\/pages\/1178\/revisions\/1349"}],"wp:attachment":[{"href":"https:\/\/hosteriaelpomar.com\/en\/wp-json\/wp\/v2\/media?parent=1178"}],"curies":[{"name":"wp","href":"https:\/\/api.w.org\/{rel}","templated":true}]}}